{"id":589,"date":"2025-08-19T10:32:57","date_gmt":"2025-08-19T10:32:57","guid":{"rendered":"https:\/\/drumdrivesociety.hu\/?page_id=589"},"modified":"2025-08-24T13:14:37","modified_gmt":"2025-08-24T13:14:37","slug":"utepites_es_foldmunkak","status":"publish","type":"page","link":"https:\/\/drumdrivesociety.hu\/en\/szolgaltatasok\/utepites_es_foldmunkak\/","title":{"rendered":"Road construction and earthworks"},"content":{"rendered":"<p>[et_pb_section fb_built=&#8221;1&#8243; admin_label=&#8221;Hero&#8221; _builder_version=&#8221;4.27.4&#8243; use_background_color_gradient=&#8221;on&#8221; background_color_gradient_type=&#8221;circular&#8221; background_color_gradient_direction_radial=&#8221;top left&#8221; background_color_gradient_stops=&#8221;rgba(40,40,40,0.79) 0%|rgba(40,40,40,0.86) 100%&#8221; background_color_gradient_overlays_image=&#8221;on&#8221; background_color_gradient_start=&#8221;rgba(40,40,40,0.79)&#8221; background_color_gradient_end=&#8221;rgba(40,40,40,0.86)&#8221; background_image=&#8221;https:\/\/drumdrivesociety.hu\/wp-content\/uploads\/2025\/07\/construction-13.jpg&#8221; custom_margin=&#8221;||||false&#8221; custom_padding=&#8221;0vw||0vw||true|false&#8221; global_colors_info=&#8221;{}&#8221;][et_pb_row column_structure=&#8221;2_3,1_3&#8243; _builder_version=&#8221;4.16&#8243; global_colors_info=&#8221;{}&#8221;][et_pb_column type=&#8221;2_3&#8243; _builder_version=&#8221;4.16&#8243; custom_padding=&#8221;|||&#8221; global_colors_info=&#8221;{}&#8221; custom_padding__hover=&#8221;|||&#8221;][et_pb_text _builder_version=&#8221;4.27.4&#8243; text_font=&#8221;||||||||&#8221; header_font=&#8221;Rubik|700|||||||&#8221; header_font_size=&#8221;64px&#8221; header_line_height=&#8221;1.1em&#8221; background_layout=&#8221;dark&#8221; max_width=&#8221;800px&#8221; custom_margin=&#8221;|-80px|0px|||&#8221; custom_padding=&#8221;|0px||16px||&#8221; text_font_size_tablet=&#8221;14px&#8221; text_font_size_last_edited=&#8221;off|desktop&#8221; header_font_size_tablet=&#8221;44px&#8221; header_font_size_phone=&#8221;32px&#8221; header_font_size_last_edited=&#8221;on|phone&#8221; border_color_all=&#8221;#ffb400&#8243; border_width_left=&#8221;10px&#8221; global_colors_info=&#8221;{}&#8221;]<\/p>\n<h1>\u00dat\u00e9p\u00edt\u00e9s \u00e9s f\u00f6ldmunk\u00e1k<\/h1>\n<p>[\/et_pb_text][\/et_pb_column][et_pb_column type=&#8221;1_3&#8243; _builder_version=&#8221;4.16&#8243; custom_padding=&#8221;|||&#8221; global_colors_info=&#8221;{}&#8221; custom_padding__hover=&#8221;|||&#8221;][\/et_pb_column][\/et_pb_row][\/et_pb_section][et_pb_section fb_built=&#8221;1&#8243; admin_label=&#8221;About&#8221; _builder_version=&#8221;4.27.4&#8243; animation_style=&#8221;zoom&#8221; global_colors_info=&#8221;{}&#8221;][et_pb_row column_structure=&#8221;1_4,1_4,1_4,1_4&#8243; _builder_version=&#8221;4.27.4&#8243; _module_preset=&#8221;default&#8221; global_colors_info=&#8221;{}&#8221;][et_pb_column type=&#8221;1_4&#8243; _builder_version=&#8221;4.27.4&#8243; _module_preset=&#8221;default&#8221; global_colors_info=&#8221;{}&#8221;][et_pb_code _builder_version=&#8221;4.27.4&#8243; _module_preset=&#8221;default&#8221; global_colors_info=&#8221;{}&#8221;]<\/p>\n<style><!-- [et_pb_line_break_holder] -->.dds-item {<!-- [et_pb_line_break_holder] -->  position: relative;<!-- [et_pb_line_break_holder] -->  display: block;<!-- [et_pb_line_break_holder] -->  overflow: hidden;<!-- [et_pb_line_break_holder] -->  border-radius: 10px;<!-- [et_pb_line_break_holder] -->}<!-- [et_pb_line_break_holder] -->.dds-item img {<!-- [et_pb_line_break_holder] -->  width: 100%;<!-- [et_pb_line_break_holder] -->  height: 400px;<!-- [et_pb_line_break_holder] -->  object-fit: cover;<!-- [et_pb_line_break_holder] -->  display: block;<!-- [et_pb_line_break_holder] -->  transition: transform .35s;<!-- [et_pb_line_break_holder] -->}<!-- [et_pb_line_break_holder] -->.dds-overlay {<!-- [et_pb_line_break_holder] -->  position: absolute;<!-- [et_pb_line_break_holder] -->  inset: 0;<!-- [et_pb_line_break_holder] -->  display: flex;<!-- [et_pb_line_break_holder] -->  flex-direction: column;<!-- [et_pb_line_break_holder] -->  justify-content: center;<!-- [et_pb_line_break_holder] -->  align-items: center;<!-- [et_pb_line_break_holder] -->  background: rgba(0,0,0,.72);<!-- [et_pb_line_break_holder] -->  color: #fff;<!-- [et_pb_line_break_holder] -->  text-align: center;<!-- [et_pb_line_break_holder] -->  padding: 20px;<!-- [et_pb_line_break_holder] -->  opacity: 0;<!-- [et_pb_line_break_holder] -->  pointer-events: none;<!-- [et_pb_line_break_holder] -->  transition: opacity .28s;<!-- [et_pb_line_break_holder] -->}<!-- [et_pb_line_break_holder] -->.dds-item:hover img { transform: scale(1.05); }<!-- [et_pb_line_break_holder] -->.dds-item:hover .dds-overlay { opacity: 1; pointer-events: auto; }<!-- [et_pb_line_break_holder] -->.dds-overlay h3 { margin: 0 0 8px; font-weight: 700; }<!-- [et_pb_line_break_holder] -->.dds-overlay p { margin: 0 0 14px; font-size: 14px; line-height: 1.45; }<!-- [et_pb_line_break_holder] -->.dds-btn {<!-- [et_pb_line_break_holder] -->  background: #FCB639;<!-- [et_pb_line_break_holder] -->  color: #000000;<!-- [et_pb_line_break_holder] -->  padding: 10px 20px;<!-- [et_pb_line_break_holder] -->  border-radius: 24px;<!-- [et_pb_line_break_holder] -->  font-weight: 700;<!-- [et_pb_line_break_holder] -->  display: inline-block;<!-- [et_pb_line_break_holder] -->  text-decoration: none;<!-- [et_pb_line_break_holder] -->}<!-- [et_pb_line_break_holder] -->.dds-btn:hover { filter: brightness(.95); }<!-- [et_pb_line_break_holder] --><\/style>\n<p><!-- [et_pb_line_break_holder] --><!-- [et_pb_line_break_holder] --><a class=\"dds-item\" href=\"https:\/\/drumdrivesociety.hu\/szolgaltatasok\/aszfaltozas\"><!-- [et_pb_line_break_holder] -->  <img decoding=\"async\" src=\"https:\/\/drumdrivesociety.hu\/wp-content\/uploads\/2025\/08\/05_utalapozas.jpg\" alt=\"Aszfaltoz\u00e1s\"\"><!-- [et_pb_line_break_holder] -->  <\/p>\n<div class=\"dds-overlay\"><!-- [et_pb_line_break_holder] -->    <\/p>\n<h3>Aszfaltoz\u00e1s<\/h3>\n<p><!-- [et_pb_line_break_holder] -->    <pee>Tart\u00f3s \u00e9s biztons\u00e1gos \u00fatfel\u00fcletek kialak\u00edt\u00e1sa modern technol\u00f3gi\u00e1kkal<\/pee><!-- [et_pb_line_break_holder] -->    <span class=\"dds-btn\">B\u0151vebben<\/span><!-- [et_pb_line_break_holder] -->  <\/div>\n<p><!-- [et_pb_line_break_holder] --><\/a><!-- [et_pb_line_break_holder] --><\/p>\n<h1 style=\"font-weight:bold; margin-top:10px; text-align:center;\">Aszfaltoz\u00e1s<\/h1>\n<p><!-- [et_pb_line_break_holder] -->[\/et_pb_code][\/et_pb_column][et_pb_column type=&#8221;1_4&#8243; _builder_version=&#8221;4.27.4&#8243; _module_preset=&#8221;default&#8221; global_colors_info=&#8221;{}&#8221;][et_pb_code _builder_version=&#8221;4.27.4&#8243; _module_preset=&#8221;default&#8221; global_colors_info=&#8221;{}&#8221;]<\/p>\n<style><!-- [et_pb_line_break_holder] -->.dds-item {<!-- [et_pb_line_break_holder] -->  position: relative;<!-- [et_pb_line_break_holder] -->  display: block;<!-- [et_pb_line_break_holder] -->  overflow: hidden;<!-- [et_pb_line_break_holder] -->  border-radius: 10px;<!-- [et_pb_line_break_holder] -->}<!-- [et_pb_line_break_holder] -->.dds-item img {<!-- [et_pb_line_break_holder] -->  width: 100%;<!-- [et_pb_line_break_holder] -->  height: 400px;<!-- [et_pb_line_break_holder] -->  object-fit: cover;<!-- [et_pb_line_break_holder] -->  display: block;<!-- [et_pb_line_break_holder] -->  transition: transform .35s;<!-- [et_pb_line_break_holder] -->}<!-- [et_pb_line_break_holder] -->.dds-overlay {<!-- [et_pb_line_break_holder] -->  position: absolute;<!-- [et_pb_line_break_holder] -->  inset: 0;<!-- [et_pb_line_break_holder] -->  display: flex;<!-- [et_pb_line_break_holder] -->  flex-direction: column;<!-- [et_pb_line_break_holder] -->  justify-content: center;<!-- [et_pb_line_break_holder] -->  align-items: center;<!-- [et_pb_line_break_holder] -->  background: rgba(0,0,0,.72);<!-- [et_pb_line_break_holder] -->  color: #fff;<!-- [et_pb_line_break_holder] -->  text-align: center;<!-- [et_pb_line_break_holder] -->  padding: 20px;<!-- [et_pb_line_break_holder] -->  opacity: 0;<!-- [et_pb_line_break_holder] -->  pointer-events: none;<!-- [et_pb_line_break_holder] -->  transition: opacity .28s;<!-- [et_pb_line_break_holder] -->}<!-- [et_pb_line_break_holder] -->.dds-item:hover img { transform: scale(1.05); }<!-- [et_pb_line_break_holder] -->.dds-item:hover .dds-overlay { opacity: 1; pointer-events: auto; }<!-- [et_pb_line_break_holder] -->.dds-overlay h3 { margin: 0 0 8px; font-weight: 700; }<!-- [et_pb_line_break_holder] -->.dds-overlay p { margin: 0 0 14px; font-size: 14px; line-height: 1.45; }<!-- [et_pb_line_break_holder] -->.dds-btn {<!-- [et_pb_line_break_holder] -->  background: #FCB639;<!-- [et_pb_line_break_holder] -->  color: #000000;<!-- [et_pb_line_break_holder] -->  padding: 10px 20px;<!-- [et_pb_line_break_holder] -->  border-radius: 24px;<!-- [et_pb_line_break_holder] -->  font-weight: 700;<!-- [et_pb_line_break_holder] -->  display: inline-block;<!-- [et_pb_line_break_holder] -->  text-decoration: none;<!-- [et_pb_line_break_holder] -->}<!-- [et_pb_line_break_holder] -->.dds-btn:hover { filter: brightness(.95); }<!-- [et_pb_line_break_holder] --><\/style>\n<p><!-- [et_pb_line_break_holder] --><!-- [et_pb_line_break_holder] --><a class=\"dds-item\" href=\"https:\/\/drumdrivesociety.hu\/szolgaltatasok\/utepites_es_foldmunkak\/utalapozas\"><!-- [et_pb_line_break_holder] -->  <img decoding=\"async\" src=\"https:\/\/drumdrivesociety.hu\/wp-content\/uploads\/2025\/08\/06_utburkolas.jpg\" alt=\"\u00datalapoz\u00e1s\"><!-- [et_pb_line_break_holder] -->  <\/p>\n<div class=\"dds-overlay\"><!-- [et_pb_line_break_holder] -->    <\/p>\n<h3>\u00datalapoz\u00e1s<\/h3>\n<p><!-- [et_pb_line_break_holder] -->    <pee>Szil\u00e1rd \u00e9s megb\u00edzhat\u00f3 alapr\u00e9tegek \u00e9p\u00edt\u00e9se az utakhoz, amelyek biztos\u00edtj\u00e1k a hossz\u00fa t\u00e1v\u00fa tart\u00f3ss\u00e1got \u00e9s a biztons\u00e1gos k\u00f6zleked\u00e9st&#8230;<\/pee><!-- [et_pb_line_break_holder] -->    <span class=\"dds-btn\">B\u0151vebben<\/span><!-- [et_pb_line_break_holder] -->  <\/div>\n<p><!-- [et_pb_line_break_holder] --><\/a><!-- [et_pb_line_break_holder] --><\/p>\n<h1 style=\"font-weight:bold; margin-top:10px; text-align:center;\">\u00datalapoz\u00e1s<\/h1>\n<p>[\/et_pb_code][\/et_pb_column][et_pb_column type=&#8221;1_4&#8243; _builder_version=&#8221;4.27.4&#8243; _module_preset=&#8221;default&#8221; global_colors_info=&#8221;{}&#8221;][et_pb_code _builder_version=&#8221;4.27.4&#8243; _module_preset=&#8221;default&#8221; hover_enabled=&#8221;0&#8243; global_colors_info=&#8221;{}&#8221; sticky_enabled=&#8221;0&#8243;]<a class=\"dds-item\" href=\"https:\/\/drumdrivesociety.hu\/szolgaltatasok\/utepites_es_foldmunkak\/burkoloelemek\/\"><!-- [et_pb_line_break_holder] -->  <img decoding=\"async\" src=\"https:\/\/drumdrivesociety.hu\/wp-content\/uploads\/2025\/08\/01_03_burkoloelemek.jpg\" alt=\"Burkol\u00f3elemek\"><!-- [et_pb_line_break_holder] -->  <\/p>\n<div class=\"dds-overlay\"><!-- [et_pb_line_break_holder] -->    <\/p>\n<h3>Burkol\u00f3elemek<\/h3>\n<p><!-- [et_pb_line_break_holder] -->    <pee>Minden ami a burkol\u00e1ssal kapcsolatos&#8230;.<\/pee><!-- [et_pb_line_break_holder] -->    <span class=\"dds-btn\">B\u0151vebben<\/span><!-- [et_pb_line_break_holder] -->  <\/div>\n<p><!-- [et_pb_line_break_holder] --><\/a><!-- [et_pb_line_break_holder] --><!-- [et_pb_line_break_holder] --><\/p>\n<h1 style=\"font-weight:bold; margin-top:10px; text-align:center;\"><!-- [et_pb_line_break_holder] -->  <a href=\"https:\/\/drumdrivesociety.hu\/wp-content\/uploads\/2025\/08\/01_03_burkoloelemek.jpg\" style=\"color:inherit; text-decoration:none;\"><!-- [et_pb_line_break_holder] -->    Burkol\u00f3elemek<!-- [et_pb_line_break_holder] -->  <\/a><!-- [et_pb_line_break_holder] --><\/h1>\n<p><!-- [et_pb_line_break_holder] -->[\/et_pb_code][\/et_pb_column][et_pb_column type=&#8221;1_4&#8243; _builder_version=&#8221;4.27.4&#8243; _module_preset=&#8221;default&#8221; global_colors_info=&#8221;{}&#8221;][et_pb_code _builder_version=&#8221;4.27.4&#8243; _module_preset=&#8221;default&#8221; hover_enabled=&#8221;0&#8243; global_colors_info=&#8221;{}&#8221; sticky_enabled=&#8221;0&#8243;]<\/p>\n<style><!-- [et_pb_line_break_holder] -->.dds-item {<!-- [et_pb_line_break_holder] -->  position: relative;<!-- [et_pb_line_break_holder] -->  display: block;<!-- [et_pb_line_break_holder] -->  overflow: hidden;<!-- [et_pb_line_break_holder] -->  border-radius: 10px;<!-- [et_pb_line_break_holder] -->}<!-- [et_pb_line_break_holder] -->.dds-item img {<!-- [et_pb_line_break_holder] -->  width: 100%;<!-- [et_pb_line_break_holder] -->  height: 400px;<!-- [et_pb_line_break_holder] -->  object-fit: cover;<!-- [et_pb_line_break_holder] -->  display: block;<!-- [et_pb_line_break_holder] -->  transition: transform .35s;<!-- [et_pb_line_break_holder] -->}<!-- [et_pb_line_break_holder] -->.dds-overlay {<!-- [et_pb_line_break_holder] -->  position: absolute;<!-- [et_pb_line_break_holder] -->  inset: 0;<!-- [et_pb_line_break_holder] -->  display: flex;<!-- [et_pb_line_break_holder] -->  flex-direction: column;<!-- [et_pb_line_break_holder] -->  justify-content: center;<!-- [et_pb_line_break_holder] -->  align-items: center;<!-- [et_pb_line_break_holder] -->  background: rgba(0,0,0,.72);<!-- [et_pb_line_break_holder] -->  color: #fff;<!-- [et_pb_line_break_holder] -->  text-align: center;<!-- [et_pb_line_break_holder] -->  padding: 20px;<!-- [et_pb_line_break_holder] -->  opacity: 0;<!-- [et_pb_line_break_holder] -->  pointer-events: none;<!-- [et_pb_line_break_holder] -->  transition: opacity .28s;<!-- [et_pb_line_break_holder] -->}<!-- [et_pb_line_break_holder] -->.dds-item:hover img { transform: scale(1.05); }<!-- [et_pb_line_break_holder] -->.dds-item:hover .dds-overlay { opacity: 1; pointer-events: auto; }<!-- [et_pb_line_break_holder] -->.dds-overlay h3 { margin: 0 0 8px; font-weight: 700; }<!-- [et_pb_line_break_holder] -->.dds-overlay p { margin: 0 0 14px; font-size: 14px; line-height: 1.45; }<!-- [et_pb_line_break_holder] -->.dds-btn {<!-- [et_pb_line_break_holder] -->  background: #FCB639;<!-- [et_pb_line_break_holder] -->  color: #000000;<!-- [et_pb_line_break_holder] -->  padding: 10px 20px;<!-- [et_pb_line_break_holder] -->  border-radius: 24px;<!-- [et_pb_line_break_holder] -->  font-weight: 700;<!-- [et_pb_line_break_holder] -->  display: inline-block;<!-- [et_pb_line_break_holder] -->  text-decoration: none;<!-- [et_pb_line_break_holder] -->}<!-- [et_pb_line_break_holder] -->.dds-btn:hover { filter: brightness(.95); }<!-- [et_pb_line_break_holder] --><\/style>\n<p><!-- [et_pb_line_break_holder] --><!-- [et_pb_line_break_holder] --><a class=\"dds-item\" href=\"https:\/\/drumdrivesociety.hu\/szolgaltatasok\/utepites_es_foldmunkak\/foldmunka\/\"><!-- [et_pb_line_break_holder] -->  <img decoding=\"async\" src=\"https:\/\/drumdrivesociety.hu\/wp-content\/uploads\/2025\/08\/04_feltaras.jpg\" alt=\"F\u00f6ldmunka\"><!-- [et_pb_line_break_holder] -->  <\/p>\n<div class=\"dds-overlay\"><!-- [et_pb_line_break_holder] -->    <\/p>\n<h3>F\u00f6ldmunka<\/h3>\n<p><!-- [et_pb_line_break_holder] -->    <pee>Csapatunk tapasztalt szakemberekb\u0151l \u00e1ll, \u00e9s modern berendez\u00e9sek sz\u00e9les sk\u00e1l\u00e1j\u00e1val rendelkez\u00fcnk, \u00edgy k\u00e9szen \u00e1llunk&#8230;<\/pee><!-- [et_pb_line_break_holder] -->    <span class=\"dds-btn\">B\u0151vebben<\/span><!-- [et_pb_line_break_holder] -->  <\/div>\n<p><!-- [et_pb_line_break_holder] --><\/a><!-- [et_pb_line_break_holder] --><\/p>\n<h1 style=\"font-weight:bold; margin-top:10px; text-align:center;\">F\u00f6ldmunka<\/h1>\n<p><!-- [et_pb_line_break_holder] --><!-- [et_pb_line_break_holder] --><!-- [et_pb_line_break_holder] -->[\/et_pb_code][\/et_pb_column][\/et_pb_row][\/et_pb_section]<\/p>\n","protected":false},"excerpt":{"rendered":"<p>Road construction and earthworks<\/p>","protected":false},"author":1,"featured_media":0,"parent":121,"menu_order":0,"comment_status":"closed","ping_status":"closed","template":"","meta":{"_seopress_robots_primary_cat":"","_seopress_titles_title":"","_seopress_titles_desc":"","_seopress_robots_index":"","_et_pb_use_builder":"on","_et_pb_old_content":"","_et_gb_content_width":"","footnotes":""},"class_list":["post-589","page","type-page","status-publish","hentry"],"_links":{"self":[{"href":"https:\/\/drumdrivesociety.hu\/en\/wp-json\/wp\/v2\/pages\/589","targetHints":{"allow":["GET"]}}],"collection":[{"href":"https:\/\/drumdrivesociety.hu\/en\/wp-json\/wp\/v2\/pages"}],"about":[{"href":"https:\/\/drumdrivesociety.hu\/en\/wp-json\/wp\/v2\/types\/page"}],"author":[{"embeddable":true,"href":"https:\/\/drumdrivesociety.hu\/en\/wp-json\/wp\/v2\/users\/1"}],"replies":[{"embeddable":true,"href":"https:\/\/drumdrivesociety.hu\/en\/wp-json\/wp\/v2\/comments?post=589"}],"version-history":[{"count":13,"href":"https:\/\/drumdrivesociety.hu\/en\/wp-json\/wp\/v2\/pages\/589\/revisions"}],"predecessor-version":[{"id":1024,"href":"https:\/\/drumdrivesociety.hu\/en\/wp-json\/wp\/v2\/pages\/589\/revisions\/1024"}],"up":[{"embeddable":true,"href":"https:\/\/drumdrivesociety.hu\/en\/wp-json\/wp\/v2\/pages\/121"}],"wp:attachment":[{"href":"https:\/\/drumdrivesociety.hu\/en\/wp-json\/wp\/v2\/media?parent=589"}],"curies":[{"name":"wp","href":"https:\/\/api.w.org\/{rel}","templated":true}]}}