{"id":599,"date":"2025-08-19T10:44:49","date_gmt":"2025-08-19T10:44:49","guid":{"rendered":"https:\/\/drumdrivesociety.hu\/?page_id=599"},"modified":"2025-08-19T18:39:26","modified_gmt":"2025-08-19T18:39:26","slug":"industrial-structures-and-concrete-works","status":"publish","type":"page","link":"https:\/\/drumdrivesociety.hu\/en\/szolgaltatasok\/ipari-szerkezetek-es-betonmunkak\/","title":{"rendered":"Industrial structures and concrete works"},"content":{"rendered":"<p>[et_pb_section fb_built=&#8221;1&#8243; admin_label=&#8221;Hero&#8221; _builder_version=&#8221;4.27.4&#8243; use_background_color_gradient=&#8221;on&#8221; background_color_gradient_type=&#8221;circular&#8221; background_color_gradient_direction_radial=&#8221;top left&#8221; background_color_gradient_stops=&#8221;rgba(40,40,40,0.79) 0%|rgba(40,40,40,0.86) 100%&#8221; background_color_gradient_overlays_image=&#8221;on&#8221; background_color_gradient_start=&#8221;rgba(40,40,40,0.79)&#8221; background_color_gradient_end=&#8221;rgba(40,40,40,0.86)&#8221; background_image=&#8221;https:\/\/drumdrivesociety.hu\/wp-content\/uploads\/2025\/07\/construction-13.jpg&#8221; custom_margin=&#8221;||||false&#8221; custom_padding=&#8221;0vw||0vw||true|false&#8221; global_colors_info=&#8221;{}&#8221;][et_pb_row column_structure=&#8221;2_3,1_3&#8243; _builder_version=&#8221;4.16&#8243; global_colors_info=&#8221;{}&#8221;][et_pb_column type=&#8221;2_3&#8243; _builder_version=&#8221;4.16&#8243; custom_padding=&#8221;|||&#8221; global_colors_info=&#8221;{}&#8221; custom_padding__hover=&#8221;|||&#8221;][et_pb_text _builder_version=&#8221;4.27.4&#8243; text_font=&#8221;||||||||&#8221; header_font=&#8221;Rubik|700|||||||&#8221; header_font_size=&#8221;64px&#8221; header_line_height=&#8221;1.1em&#8221; background_layout=&#8221;dark&#8221; max_width=&#8221;800px&#8221; custom_margin=&#8221;|-206px|0px|||&#8221; custom_padding=&#8221;|||16px&#8221; text_font_size_tablet=&#8221;14px&#8221; text_font_size_last_edited=&#8221;off|desktop&#8221; header_font_size_tablet=&#8221;44px&#8221; header_font_size_phone=&#8221;32px&#8221; header_font_size_last_edited=&#8221;on|phone&#8221; border_color_all=&#8221;#ffb400&#8243; border_width_left=&#8221;10px&#8221; global_colors_info=&#8221;{}&#8221;]<\/p>\n<h1>L\u00e9tes\u00edtm\u00e9nyek \u00e9s betonmunk\u00e1k<\/h1>\n<p>[\/et_pb_text][\/et_pb_column][et_pb_column type=&#8221;1_3&#8243; _builder_version=&#8221;4.16&#8243; custom_padding=&#8221;|||&#8221; global_colors_info=&#8221;{}&#8221; custom_padding__hover=&#8221;|||&#8221;][\/et_pb_column][\/et_pb_row][\/et_pb_section][et_pb_section fb_built=&#8221;1&#8243; _builder_version=&#8221;4.27.4&#8243; _module_preset=&#8221;default&#8221; global_colors_info=&#8221;{}&#8221;][et_pb_row column_structure=&#8221;1_3,1_3,1_3&#8243; _builder_version=&#8221;4.27.4&#8243; _module_preset=&#8221;default&#8221; global_colors_info=&#8221;{}&#8221;][et_pb_column type=&#8221;1_3&#8243; _builder_version=&#8221;4.27.4&#8243; _module_preset=&#8221;default&#8221; global_colors_info=&#8221;{}&#8221;][et_pb_code _builder_version=&#8221;4.27.4&#8243; _module_preset=&#8221;default&#8221; hover_enabled=&#8221;0&#8243; global_colors_info=&#8221;{}&#8221; sticky_enabled=&#8221;0&#8243;]<\/p>\n<style><!-- [et_pb_line_break_holder] -->.dds-item {<!-- [et_pb_line_break_holder] -->  position: relative;<!-- [et_pb_line_break_holder] -->  display: block;<!-- [et_pb_line_break_holder] -->  overflow: hidden;<!-- [et_pb_line_break_holder] -->  border-radius: 10px;<!-- [et_pb_line_break_holder] -->}<!-- [et_pb_line_break_holder] -->.dds-item img {<!-- [et_pb_line_break_holder] -->  width: 100%;<!-- [et_pb_line_break_holder] -->  height: 400px;<!-- [et_pb_line_break_holder] -->  object-fit: cover;<!-- [et_pb_line_break_holder] -->  display: block;<!-- [et_pb_line_break_holder] -->  transition: transform .35s;<!-- [et_pb_line_break_holder] -->}<!-- [et_pb_line_break_holder] -->.dds-overlay {<!-- [et_pb_line_break_holder] -->  position: absolute;<!-- [et_pb_line_break_holder] -->  inset: 0;<!-- [et_pb_line_break_holder] -->  display: flex;<!-- [et_pb_line_break_holder] -->  flex-direction: column;<!-- [et_pb_line_break_holder] -->  justify-content: center;<!-- [et_pb_line_break_holder] -->  align-items: center;<!-- [et_pb_line_break_holder] -->  background: rgba(0,0,0,.72);<!-- [et_pb_line_break_holder] -->  color: #fff;<!-- [et_pb_line_break_holder] -->  text-align: center;<!-- [et_pb_line_break_holder] -->  padding: 20px;<!-- [et_pb_line_break_holder] -->  opacity: 0;<!-- [et_pb_line_break_holder] -->  pointer-events: none;<!-- [et_pb_line_break_holder] -->  transition: opacity .28s;<!-- [et_pb_line_break_holder] -->}<!-- [et_pb_line_break_holder] -->.dds-item:hover img { transform: scale(1.05); }<!-- [et_pb_line_break_holder] -->.dds-item:hover .dds-overlay { opacity: 1; pointer-events: auto; }<!-- [et_pb_line_break_holder] -->.dds-overlay h3 { margin: 0 0 8px; font-weight: 700; }<!-- [et_pb_line_break_holder] -->.dds-overlay p { margin: 0 0 14px; font-size: 14px; line-height: 1.45; }<!-- [et_pb_line_break_holder] -->.dds-btn {<!-- [et_pb_line_break_holder] -->  background: #FCB639;<!-- [et_pb_line_break_holder] -->  color: #000000;<!-- [et_pb_line_break_holder] -->  padding: 10px 20px;<!-- [et_pb_line_break_holder] -->  border-radius: 24px;<!-- [et_pb_line_break_holder] -->  font-weight: 700;<!-- [et_pb_line_break_holder] -->  display: inline-block;<!-- [et_pb_line_break_holder] -->  text-decoration: none;<!-- [et_pb_line_break_holder] -->}<!-- [et_pb_line_break_holder] -->.dds-btn:hover { filter: brightness(.95); }<!-- [et_pb_line_break_holder] --><\/style>\n<p><!-- [et_pb_line_break_holder] --><!-- [et_pb_line_break_holder] --><a class=\"dds-item\" href=\"https:\/\/drumdrivesociety.hu\/szolgaltatasok\/ipari-szerkezetek-es-betonmunkak\/letesitmenyek-epitese-es-karbantartasa\"><!-- [et_pb_line_break_holder] -->  <img decoding=\"async\" src=\"https:\/\/drumdrivesociety.hu\/wp-content\/uploads\/2025\/08\/09_letesitmenyek_epitese.jpg\" alt=\"L\u00e9tes\u00edtm\u00e9nyek kivitelez\u00e9se\"><!-- [et_pb_line_break_holder] -->  <\/p>\n<div class=\"dds-overlay\"><!-- [et_pb_line_break_holder] -->    <\/p>\n<h3>L\u00e9tes\u00edtm\u00e9nyek kivitelez\u00e9se<\/h3>\n<p><!-- [et_pb_line_break_holder] -->    <pee>Csapatunk tapasztalt szakemberekb\u0151l \u00e1ll, \u00e9s modern berendez\u00e9sek sz\u00e9les sk\u00e1l\u00e1j\u00e1val rendelkez\u00fcnk, \u00edgy k\u00e9szen \u00e1llunk&#8230;<\/pee><!-- [et_pb_line_break_holder] -->    <span class=\"dds-btn\">\u00c9rdekel<\/span><!-- [et_pb_line_break_holder] -->  <\/div>\n<p><!-- [et_pb_line_break_holder] --><\/a><!-- [et_pb_line_break_holder] --><\/p>\n<h1 style=\"font-weight:bold; margin-top:10px; text-align:center;\">L\u00e9tes\u00edtm\u00e9nyek kivitelez\u00e9se<\/h1>\n<p><!-- [et_pb_line_break_holder] --><!-- [et_pb_line_break_holder] --><!-- [et_pb_line_break_holder] -->[\/et_pb_code][\/et_pb_column][et_pb_column type=&#8221;1_3&#8243; _builder_version=&#8221;4.27.4&#8243; _module_preset=&#8221;default&#8221; global_colors_info=&#8221;{}&#8221;][et_pb_code _builder_version=&#8221;4.27.4&#8243; _module_preset=&#8221;default&#8221; hover_enabled=&#8221;0&#8243; global_colors_info=&#8221;{}&#8221; sticky_enabled=&#8221;0&#8243;]<\/p>\n<style><!-- [et_pb_line_break_holder] -->.dds-item {<!-- [et_pb_line_break_holder] -->  position: relative;<!-- [et_pb_line_break_holder] -->  display: block;<!-- [et_pb_line_break_holder] -->  overflow: hidden;<!-- [et_pb_line_break_holder] -->  border-radius: 10px;<!-- [et_pb_line_break_holder] -->}<!-- [et_pb_line_break_holder] -->.dds-item img {<!-- [et_pb_line_break_holder] -->  width: 100%;<!-- [et_pb_line_break_holder] -->  height: 400px;<!-- [et_pb_line_break_holder] -->  object-fit: cover;<!-- [et_pb_line_break_holder] -->  display: block;<!-- [et_pb_line_break_holder] -->  transition: transform .35s;<!-- [et_pb_line_break_holder] -->}<!-- [et_pb_line_break_holder] -->.dds-overlay {<!-- [et_pb_line_break_holder] -->  position: absolute;<!-- [et_pb_line_break_holder] -->  inset: 0;<!-- [et_pb_line_break_holder] -->  display: flex;<!-- [et_pb_line_break_holder] -->  flex-direction: column;<!-- [et_pb_line_break_holder] -->  justify-content: center;<!-- [et_pb_line_break_holder] -->  align-items: center;<!-- [et_pb_line_break_holder] -->  background: rgba(0,0,0,.72);<!-- [et_pb_line_break_holder] -->  color: #fff;<!-- [et_pb_line_break_holder] -->  text-align: center;<!-- [et_pb_line_break_holder] -->  padding: 20px;<!-- [et_pb_line_break_holder] -->  opacity: 0;<!-- [et_pb_line_break_holder] -->  pointer-events: none;<!-- [et_pb_line_break_holder] -->  transition: opacity .28s;<!-- [et_pb_line_break_holder] -->}<!-- [et_pb_line_break_holder] -->.dds-item:hover img { transform: scale(1.05); }<!-- [et_pb_line_break_holder] -->.dds-item:hover .dds-overlay { opacity: 1; pointer-events: auto; }<!-- [et_pb_line_break_holder] -->.dds-overlay h3 { margin: 0 0 8px; font-weight: 700; }<!-- [et_pb_line_break_holder] -->.dds-overlay p { margin: 0 0 14px; font-size: 14px; line-height: 1.45; }<!-- [et_pb_line_break_holder] -->.dds-btn {<!-- [et_pb_line_break_holder] -->  background: #FCB639;<!-- [et_pb_line_break_holder] -->  color: #000000;<!-- [et_pb_line_break_holder] -->  padding: 10px 20px;<!-- [et_pb_line_break_holder] -->  border-radius: 24px;<!-- [et_pb_line_break_holder] -->  font-weight: 700;<!-- [et_pb_line_break_holder] -->  display: inline-block;<!-- [et_pb_line_break_holder] -->  text-decoration: none;<!-- [et_pb_line_break_holder] -->}<!-- [et_pb_line_break_holder] -->.dds-btn:hover { filter: brightness(.95); }<!-- [et_pb_line_break_holder] --><\/style>\n<p><!-- [et_pb_line_break_holder] --><!-- [et_pb_line_break_holder] --><a class=\"dds-item\" href=\"https:\/\/drumdrivesociety.hu\/szolgaltatasok\/ipari-szerkezetek-es-betonmunkak\/betonszerkezetek\"><!-- [et_pb_line_break_holder] -->  <img decoding=\"async\" src=\"https:\/\/drumdrivesociety.hu\/wp-content\/uploads\/2025\/08\/10_betonszerkezetek.jpg\" alt=\"Betonszerkezetek\"><!-- [et_pb_line_break_holder] -->  <\/p>\n<div class=\"dds-overlay\"><!-- [et_pb_line_break_holder] -->    <\/p>\n<h3>Betonszerkezetek<\/h3>\n<p><!-- [et_pb_line_break_holder] -->    <pee>Tart\u00f3s \u00e9s nagy teherb\u00edr\u00e1s\u00fa szerkezetek kivitelez\u00e9se ipari \u00e9s infrastruktur\u00e1lis l\u00e9tes\u00edtm\u00e9nyekhez, modern technol\u00f3gi\u00e1kkal \u00e9s prec\u00edz kivitelez\u00e9ssel&#8230;<\/pee><!-- [et_pb_line_break_holder] -->    <span class=\"dds-btn\">B\u0151vebben<\/span><!-- [et_pb_line_break_holder] -->  <\/div>\n<p><!-- [et_pb_line_break_holder] --><\/a><!-- [et_pb_line_break_holder] --><\/p>\n<h1 style=\"font-weight:bold; margin-top:10px; text-align:center;\">Betonszerkezetek<\/h1>\n<p><!-- [et_pb_line_break_holder] -->[\/et_pb_code][\/et_pb_column][et_pb_column type=&#8221;1_3&#8243; _builder_version=&#8221;4.27.4&#8243; _module_preset=&#8221;default&#8221; global_colors_info=&#8221;{}&#8221;][\/et_pb_column][\/et_pb_row][\/et_pb_section]<\/p>\n","protected":false},"excerpt":{"rendered":"<p>Facilities and concrete works<\/p>","protected":false},"author":1,"featured_media":0,"parent":121,"menu_order":0,"comment_status":"closed","ping_status":"closed","template":"","meta":{"_seopress_robots_primary_cat":"","_seopress_titles_title":"","_seopress_titles_desc":"","_seopress_robots_index":"","_et_pb_use_builder":"on","_et_pb_old_content":"","_et_gb_content_width":"","footnotes":""},"class_list":["post-599","page","type-page","status-publish","hentry"],"_links":{"self":[{"href":"https:\/\/drumdrivesociety.hu\/en\/wp-json\/wp\/v2\/pages\/599","targetHints":{"allow":["GET"]}}],"collection":[{"href":"https:\/\/drumdrivesociety.hu\/en\/wp-json\/wp\/v2\/pages"}],"about":[{"href":"https:\/\/drumdrivesociety.hu\/en\/wp-json\/wp\/v2\/types\/page"}],"author":[{"embeddable":true,"href":"https:\/\/drumdrivesociety.hu\/en\/wp-json\/wp\/v2\/users\/1"}],"replies":[{"embeddable":true,"href":"https:\/\/drumdrivesociety.hu\/en\/wp-json\/wp\/v2\/comments?post=599"}],"version-history":[{"count":6,"href":"https:\/\/drumdrivesociety.hu\/en\/wp-json\/wp\/v2\/pages\/599\/revisions"}],"predecessor-version":[{"id":772,"href":"https:\/\/drumdrivesociety.hu\/en\/wp-json\/wp\/v2\/pages\/599\/revisions\/772"}],"up":[{"embeddable":true,"href":"https:\/\/drumdrivesociety.hu\/en\/wp-json\/wp\/v2\/pages\/121"}],"wp:attachment":[{"href":"https:\/\/drumdrivesociety.hu\/en\/wp-json\/wp\/v2\/media?parent=599"}],"curies":[{"name":"wp","href":"https:\/\/api.w.org\/{rel}","templated":true}]}}