{"id":605,"date":"2025-08-19T10:47:47","date_gmt":"2025-08-19T10:47:47","guid":{"rendered":"https:\/\/drumdrivesociety.hu\/?page_id=605"},"modified":"2025-08-20T18:32:02","modified_gmt":"2025-08-20T18:32:02","slug":"specialis-industrial-services","status":"publish","type":"page","link":"https:\/\/drumdrivesociety.hu\/en\/szolgaltatasok\/specialis-ipari-szolgaltatasok\/","title":{"rendered":"Specialised industrial services"},"content":{"rendered":"<p>[et_pb_section fb_built=&#8221;1&#8243; admin_label=&#8221;Hero&#8221; _builder_version=&#8221;4.27.4&#8243; use_background_color_gradient=&#8221;on&#8221; background_color_gradient_type=&#8221;circular&#8221; background_color_gradient_direction_radial=&#8221;top left&#8221; background_color_gradient_stops=&#8221;rgba(40,40,40,0.79) 0%|rgba(40,40,40,0.86) 100%&#8221; background_color_gradient_overlays_image=&#8221;on&#8221; background_color_gradient_start=&#8221;rgba(40,40,40,0.79)&#8221; background_color_gradient_end=&#8221;rgba(40,40,40,0.86)&#8221; background_image=&#8221;https:\/\/drumdrivesociety.hu\/wp-content\/uploads\/2025\/07\/construction-13.jpg&#8221; custom_margin=&#8221;||||false&#8221; custom_padding=&#8221;0vw||0vw||true|false&#8221; global_colors_info=&#8221;{}&#8221;][et_pb_row column_structure=&#8221;2_3,1_3&#8243; _builder_version=&#8221;4.16&#8243; global_colors_info=&#8221;{}&#8221;][et_pb_column type=&#8221;2_3&#8243; _builder_version=&#8221;4.16&#8243; custom_padding=&#8221;|||&#8221; global_colors_info=&#8221;{}&#8221; custom_padding__hover=&#8221;|||&#8221;][et_pb_text _builder_version=&#8221;4.27.4&#8243; text_font=&#8221;||||||||&#8221; header_font=&#8221;Rubik|700|||||||&#8221; header_font_size=&#8221;64px&#8221; header_line_height=&#8221;1.1em&#8221; background_layout=&#8221;dark&#8221; max_width=&#8221;800px&#8221; custom_margin=&#8221;||0px|&#8221; custom_padding=&#8221;|||16px&#8221; text_font_size_tablet=&#8221;14px&#8221; text_font_size_last_edited=&#8221;off|desktop&#8221; header_font_size_tablet=&#8221;44px&#8221; header_font_size_phone=&#8221;32px&#8221; header_font_size_last_edited=&#8221;on|phone&#8221; border_color_all=&#8221;#ffb400&#8243; border_width_left=&#8221;10px&#8221; global_colors_info=&#8221;{}&#8221;]<\/p>\n<h1>Speci\u00e1lis ipari szolg\u00e1ltat\u00e1sok<\/h1>\n<p>[\/et_pb_text][\/et_pb_column][et_pb_column type=&#8221;1_3&#8243; _builder_version=&#8221;4.16&#8243; custom_padding=&#8221;|||&#8221; global_colors_info=&#8221;{}&#8221; custom_padding__hover=&#8221;|||&#8221;][\/et_pb_column][\/et_pb_row][\/et_pb_section][et_pb_section fb_built=&#8221;1&#8243; _builder_version=&#8221;4.27.4&#8243; _module_preset=&#8221;default&#8221; global_colors_info=&#8221;{}&#8221;][et_pb_row column_structure=&#8221;1_3,1_3,1_3&#8243; _builder_version=&#8221;4.27.4&#8243; _module_preset=&#8221;default&#8221; global_colors_info=&#8221;{}&#8221;][et_pb_column type=&#8221;1_3&#8243; _builder_version=&#8221;4.27.4&#8243; _module_preset=&#8221;default&#8221; global_colors_info=&#8221;{}&#8221;][et_pb_code _builder_version=&#8221;4.27.4&#8243; _module_preset=&#8221;default&#8221; hover_enabled=&#8221;0&#8243; global_colors_info=&#8221;{}&#8221; sticky_enabled=&#8221;0&#8243;]<\/p>\n<style><!-- [et_pb_line_break_holder] -->.dds-item {<!-- [et_pb_line_break_holder] -->  position: relative;<!-- [et_pb_line_break_holder] -->  display: block;<!-- [et_pb_line_break_holder] -->  overflow: hidden;<!-- [et_pb_line_break_holder] -->  border-radius: 10px;<!-- [et_pb_line_break_holder] -->}<!-- [et_pb_line_break_holder] -->.dds-item img {<!-- [et_pb_line_break_holder] -->  width: 100%;<!-- [et_pb_line_break_holder] -->  height: 400px;<!-- [et_pb_line_break_holder] -->  object-fit: cover;<!-- [et_pb_line_break_holder] -->  display: block;<!-- [et_pb_line_break_holder] -->  transition: transform .35s;<!-- [et_pb_line_break_holder] -->}<!-- [et_pb_line_break_holder] -->.dds-overlay {<!-- [et_pb_line_break_holder] -->  position: absolute;<!-- [et_pb_line_break_holder] -->  inset: 0;<!-- [et_pb_line_break_holder] -->  display: flex;<!-- [et_pb_line_break_holder] -->  flex-direction: column;<!-- [et_pb_line_break_holder] -->  justify-content: center;<!-- [et_pb_line_break_holder] -->  align-items: center;<!-- [et_pb_line_break_holder] -->  background: rgba(0,0,0,.72);<!-- [et_pb_line_break_holder] -->  color: #fff;<!-- [et_pb_line_break_holder] -->  text-align: center;<!-- [et_pb_line_break_holder] -->  padding: 20px;<!-- [et_pb_line_break_holder] -->  opacity: 0;<!-- [et_pb_line_break_holder] -->  pointer-events: none;<!-- [et_pb_line_break_holder] -->  transition: opacity .28s;<!-- [et_pb_line_break_holder] -->}<!-- [et_pb_line_break_holder] -->.dds-item:hover img { transform: scale(1.05); }<!-- [et_pb_line_break_holder] -->.dds-item:hover .dds-overlay { opacity: 1; pointer-events: auto; }<!-- [et_pb_line_break_holder] -->.dds-overlay h3 { margin: 0 0 8px; font-weight: 700; }<!-- [et_pb_line_break_holder] -->.dds-overlay p { margin: 0 0 14px; font-size: 14px; line-height: 1.45; }<!-- [et_pb_line_break_holder] -->.dds-btn {<!-- [et_pb_line_break_holder] -->  background: #FCB639;<!-- [et_pb_line_break_holder] -->  color: #000000;<!-- [et_pb_line_break_holder] -->  padding: 10px 20px;<!-- [et_pb_line_break_holder] -->  border-radius: 24px;<!-- [et_pb_line_break_holder] -->  font-weight: 700;<!-- [et_pb_line_break_holder] -->  display: inline-block;<!-- [et_pb_line_break_holder] -->  text-decoration: none;<!-- [et_pb_line_break_holder] -->}<!-- [et_pb_line_break_holder] -->.dds-btn:hover { filter: brightness(.95); }<!-- [et_pb_line_break_holder] --><\/style>\n<p><!-- [et_pb_line_break_holder] --><!-- [et_pb_line_break_holder] --><a class=\"dds-item\" href=\"https:\/\/drumdrivesociety.hu\/szolgaltatasok\/specialis-ipari-szolgaltatasok\/hegesztes\"><!-- [et_pb_line_break_holder] -->  <img decoding=\"async\" src=\"https:\/\/drumdrivesociety.hu\/wp-content\/uploads\/2025\/08\/15_hegesztes.jpg\" alt=\"Hegeszt\u00e9s\"><!-- [et_pb_line_break_holder] -->  <\/p>\n<div class=\"dds-overlay\"><!-- [et_pb_line_break_holder] -->    <\/p>\n<h3>Hegeszt\u00e9s<\/h3>\n<p><!-- [et_pb_line_break_holder] -->    <pee>V\u00e1llalatunk a k\u00fcl\u00f6nf\u00e9le hegeszt\u00e9si elj\u00e1r\u00e1sokra specializ\u00e1l\u00f3dott, a kisebb ac\u00e9lelemek \u00e9s szerkezeti k\u00f6t\u00e9sek kivitelez\u00e9s\u00e9t\u0151l kezdve a nagyobb, ipari l\u00e9pt\u00e9k\u0171 munk\u00e1kig&#8230;<\/pee><!-- [et_pb_line_break_holder] -->    <span class=\"dds-btn\">B\u0151vebben<\/span><!-- [et_pb_line_break_holder] -->  <\/div>\n<p><!-- [et_pb_line_break_holder] --><\/a><!-- [et_pb_line_break_holder] --><\/p>\n<h1 style=\"font-weight:bold; margin-top:10px; text-align:center;\">Hegeszt\u00e9s<\/h1>\n<p><!-- [et_pb_line_break_holder] -->[\/et_pb_code][\/et_pb_column][et_pb_column type=&#8221;1_3&#8243; _builder_version=&#8221;4.27.4&#8243; _module_preset=&#8221;default&#8221; global_colors_info=&#8221;{}&#8221;][et_pb_code _builder_version=&#8221;4.27.4&#8243; _module_preset=&#8221;default&#8221; hover_enabled=&#8221;0&#8243; global_colors_info=&#8221;{}&#8221; sticky_enabled=&#8221;0&#8243;]<\/p>\n<style><!-- [et_pb_line_break_holder] -->.dds-item {<!-- [et_pb_line_break_holder] -->  position: relative;<!-- [et_pb_line_break_holder] -->  display: block;<!-- [et_pb_line_break_holder] -->  overflow: hidden;<!-- [et_pb_line_break_holder] -->  border-radius: 10px;<!-- [et_pb_line_break_holder] -->}<!-- [et_pb_line_break_holder] -->.dds-item img {<!-- [et_pb_line_break_holder] -->  width: 100%;<!-- [et_pb_line_break_holder] -->  height: 400px;<!-- [et_pb_line_break_holder] -->  object-fit: cover;<!-- [et_pb_line_break_holder] -->  display: block;<!-- [et_pb_line_break_holder] -->  transition: transform .35s;<!-- [et_pb_line_break_holder] -->}<!-- [et_pb_line_break_holder] -->.dds-overlay {<!-- [et_pb_line_break_holder] -->  position: absolute;<!-- [et_pb_line_break_holder] -->  inset: 0;<!-- [et_pb_line_break_holder] -->  display: flex;<!-- [et_pb_line_break_holder] -->  flex-direction: column;<!-- [et_pb_line_break_holder] -->  justify-content: center;<!-- [et_pb_line_break_holder] -->  align-items: center;<!-- [et_pb_line_break_holder] -->  background: rgba(0,0,0,.72);<!-- [et_pb_line_break_holder] -->  color: #fff;<!-- [et_pb_line_break_holder] -->  text-align: center;<!-- [et_pb_line_break_holder] -->  padding: 20px;<!-- [et_pb_line_break_holder] -->  opacity: 0;<!-- [et_pb_line_break_holder] -->  pointer-events: none;<!-- [et_pb_line_break_holder] -->  transition: opacity .28s;<!-- [et_pb_line_break_holder] -->}<!-- [et_pb_line_break_holder] -->.dds-item:hover img { transform: scale(1.05); }<!-- [et_pb_line_break_holder] -->.dds-item:hover .dds-overlay { opacity: 1; pointer-events: auto; }<!-- [et_pb_line_break_holder] -->.dds-overlay h3 { margin: 0 0 8px; font-weight: 700; }<!-- [et_pb_line_break_holder] -->.dds-overlay p { margin: 0 0 14px; font-size: 14px; line-height: 1.45; }<!-- [et_pb_line_break_holder] -->.dds-btn {<!-- [et_pb_line_break_holder] -->  background: #FCB639;<!-- [et_pb_line_break_holder] -->  color: #000000;<!-- [et_pb_line_break_holder] -->  padding: 10px 20px;<!-- [et_pb_line_break_holder] -->  border-radius: 24px;<!-- [et_pb_line_break_holder] -->  font-weight: 700;<!-- [et_pb_line_break_holder] -->  display: inline-block;<!-- [et_pb_line_break_holder] -->  text-decoration: none;<!-- [et_pb_line_break_holder] -->}<!-- [et_pb_line_break_holder] -->.dds-btn:hover { filter: brightness(.95); }<!-- [et_pb_line_break_holder] --><\/style>\n<p><!-- [et_pb_line_break_holder] --><!-- [et_pb_line_break_holder] --><a class=\"dds-item\" href=\"https:\/\/drumdrivesociety.hu\/szolgaltatasok\/specialis-ipari-szolgaltatasok\/ipari-szigeteles\"><!-- [et_pb_line_break_holder] -->  <img decoding=\"async\" src=\"https:\/\/drumdrivesociety.hu\/wp-content\/uploads\/2025\/08\/12_ipari_szigeteles.jpg\" alt=\"Ipari szigetel\u00e9s\"><!-- [et_pb_line_break_holder] -->  <\/p>\n<div class=\"dds-overlay\"><!-- [et_pb_line_break_holder] -->    <\/p>\n<h3>Ipari szigetel\u00e9s<\/h3>\n<p><!-- [et_pb_line_break_holder] -->    <pee>Csapatunk tapasztalt szakemberekb\u0151l \u00e1ll, \u00e9s modern berendez\u00e9sek sz\u00e9les sk\u00e1l\u00e1j\u00e1val rendelkez\u00fcnk, \u00edgy k\u00e9szen \u00e1llunk&#8230;<\/pee><!-- [et_pb_line_break_holder] -->    <span class=\"dds-btn\">\u00c9rdekel<\/span><!-- [et_pb_line_break_holder] -->  <\/div>\n<p><!-- [et_pb_line_break_holder] --><\/a><!-- [et_pb_line_break_holder] --><\/p>\n<h1 style=\"font-weight:bold; margin-top:10px; text-align:center;\">Ipari szigetel\u00e9s<\/h1>\n<p><!-- [et_pb_line_break_holder] --><!-- [et_pb_line_break_holder] --><!-- [et_pb_line_break_holder] -->[\/et_pb_code][\/et_pb_column][et_pb_column type=&#8221;1_3&#8243; _builder_version=&#8221;4.27.4&#8243; _module_preset=&#8221;default&#8221; global_colors_info=&#8221;{}&#8221;][et_pb_code _builder_version=&#8221;4.27.4&#8243; _module_preset=&#8221;default&#8221; hover_enabled=&#8221;0&#8243; global_colors_info=&#8221;{}&#8221; sticky_enabled=&#8221;0&#8243;]<\/p>\n<style><!-- [et_pb_line_break_holder] -->.dds-item {<!-- [et_pb_line_break_holder] -->  position: relative;<!-- [et_pb_line_break_holder] -->  display: block;<!-- [et_pb_line_break_holder] -->  overflow: hidden;<!-- [et_pb_line_break_holder] -->  border-radius: 10px;<!-- [et_pb_line_break_holder] -->}<!-- [et_pb_line_break_holder] -->.dds-item img {<!-- [et_pb_line_break_holder] -->  width: 100%;<!-- [et_pb_line_break_holder] -->  height: 400px;<!-- [et_pb_line_break_holder] -->  object-fit: cover;<!-- [et_pb_line_break_holder] -->  display: block;<!-- [et_pb_line_break_holder] -->  transition: transform .35s;<!-- [et_pb_line_break_holder] -->}<!-- [et_pb_line_break_holder] -->.dds-overlay {<!-- [et_pb_line_break_holder] -->  position: absolute;<!-- [et_pb_line_break_holder] -->  inset: 0;<!-- [et_pb_line_break_holder] -->  display: flex;<!-- [et_pb_line_break_holder] -->  flex-direction: column;<!-- [et_pb_line_break_holder] -->  justify-content: center;<!-- [et_pb_line_break_holder] -->  align-items: center;<!-- [et_pb_line_break_holder] -->  background: rgba(0,0,0,.72);<!-- [et_pb_line_break_holder] -->  color: #fff;<!-- [et_pb_line_break_holder] -->  text-align: center;<!-- [et_pb_line_break_holder] -->  padding: 20px;<!-- [et_pb_line_break_holder] -->  opacity: 0;<!-- [et_pb_line_break_holder] -->  pointer-events: none;<!-- [et_pb_line_break_holder] -->  transition: opacity .28s;<!-- [et_pb_line_break_holder] -->}<!-- [et_pb_line_break_holder] -->.dds-item:hover img { transform: scale(1.05); }<!-- [et_pb_line_break_holder] -->.dds-item:hover .dds-overlay { opacity: 1; pointer-events: auto; }<!-- [et_pb_line_break_holder] -->.dds-overlay h3 { margin: 0 0 8px; font-weight: 700; }<!-- [et_pb_line_break_holder] -->.dds-overlay p { margin: 0 0 14px; font-size: 14px; line-height: 1.45; }<!-- [et_pb_line_break_holder] -->.dds-btn {<!-- [et_pb_line_break_holder] -->  background: #FCB639;<!-- [et_pb_line_break_holder] -->  color: #000000;<!-- [et_pb_line_break_holder] -->  padding: 10px 20px;<!-- [et_pb_line_break_holder] -->  border-radius: 24px;<!-- [et_pb_line_break_holder] -->  font-weight: 700;<!-- [et_pb_line_break_holder] -->  display: inline-block;<!-- [et_pb_line_break_holder] -->  text-decoration: none;<!-- [et_pb_line_break_holder] -->}<!-- [et_pb_line_break_holder] -->.dds-btn:hover { filter: brightness(.95); }<!-- [et_pb_line_break_holder] --><\/style>\n<p><!-- [et_pb_line_break_holder] --><!-- [et_pb_line_break_holder] --><a class=\"dds-item\" href=\"https:\/\/drumdrivesociety.hu\/szolgaltatasok\/specialis-ipari-szolgaltatasok\/kabelek-es-csovek\"><!-- [et_pb_line_break_holder] -->  <img decoding=\"async\" src=\"https:\/\/drumdrivesociety.hu\/wp-content\/uploads\/2025\/08\/02_kabelek_csovek.jpg\" alt=\"K\u00e1belek \u00e9s cs\u00f6vek\"><!-- [et_pb_line_break_holder] -->  <\/p>\n<div class=\"dds-overlay\"><!-- [et_pb_line_break_holder] -->    <\/p>\n<h3>K\u00e1belek \u00e9s cs\u00f6vek<\/h3>\n<p><!-- [et_pb_line_break_holder] -->    <pee>Meg\u00e9rtj\u00fck, hogy a szil\u00e1rd \u00e9s j\u00f3l karbantartott k\u00e1bel- \u00e9s cs\u0151vezet\u00e9k-infrastrukt\u00fara fontos a m\u0171k\u00f6d\u00e9shez&#8230;<\/pee><!-- [et_pb_line_break_holder] -->    <span class=\"dds-btn\">B\u0151vebben<\/span><!-- [et_pb_line_break_holder] -->  <\/div>\n<p><!-- [et_pb_line_break_holder] --><\/a><!-- [et_pb_line_break_holder] --><\/p>\n<h1 style=\"font-weight:bold; margin-top:10px; text-align:center;\">K\u00e1belek \u00e9s cs\u00f6vek<\/h1>\n<p><!-- [et_pb_line_break_holder] -->[\/et_pb_code][\/et_pb_column][\/et_pb_row][\/et_pb_section]<\/p>\n","protected":false},"excerpt":{"rendered":"<p>Specialised industrial services<\/p>","protected":false},"author":1,"featured_media":0,"parent":121,"menu_order":0,"comment_status":"closed","ping_status":"closed","template":"","meta":{"_seopress_robots_primary_cat":"","_seopress_titles_title":"","_seopress_titles_desc":"","_seopress_robots_index":"","_et_pb_use_builder":"on","_et_pb_old_content":"","_et_gb_content_width":"","footnotes":""},"class_list":["post-605","page","type-page","status-publish","hentry"],"_links":{"self":[{"href":"https:\/\/drumdrivesociety.hu\/en\/wp-json\/wp\/v2\/pages\/605","targetHints":{"allow":["GET"]}}],"collection":[{"href":"https:\/\/drumdrivesociety.hu\/en\/wp-json\/wp\/v2\/pages"}],"about":[{"href":"https:\/\/drumdrivesociety.hu\/en\/wp-json\/wp\/v2\/types\/page"}],"author":[{"embeddable":true,"href":"https:\/\/drumdrivesociety.hu\/en\/wp-json\/wp\/v2\/users\/1"}],"replies":[{"embeddable":true,"href":"https:\/\/drumdrivesociety.hu\/en\/wp-json\/wp\/v2\/comments?post=605"}],"version-history":[{"count":9,"href":"https:\/\/drumdrivesociety.hu\/en\/wp-json\/wp\/v2\/pages\/605\/revisions"}],"predecessor-version":[{"id":832,"href":"https:\/\/drumdrivesociety.hu\/en\/wp-json\/wp\/v2\/pages\/605\/revisions\/832"}],"up":[{"embeddable":true,"href":"https:\/\/drumdrivesociety.hu\/en\/wp-json\/wp\/v2\/pages\/121"}],"wp:attachment":[{"href":"https:\/\/drumdrivesociety.hu\/en\/wp-json\/wp\/v2\/media?parent=605"}],"curies":[{"name":"wp","href":"https:\/\/api.w.org\/{rel}","templated":true}]}}