{"id":817,"date":"2025-08-20T18:18:04","date_gmt":"2025-08-20T18:18:04","guid":{"rendered":"https:\/\/drumdrivesociety.hu\/?page_id=817"},"modified":"2025-08-25T08:30:55","modified_gmt":"2025-08-25T08:30:55","slug":"cables-and-tubes","status":"publish","type":"page","link":"https:\/\/drumdrivesociety.hu\/en\/szolgaltatasok\/specialis-ipari-szolgaltatasok\/kabelek-es-csovek\/","title":{"rendered":"Cables and tubes"},"content":{"rendered":"<p>[et_pb_section fb_built=&#8221;1&#8243; _builder_version=&#8221;4.27.4&#8243; _module_preset=&#8221;default&#8221; global_colors_info=&#8221;{}&#8221;][et_pb_row column_structure=&#8221;2_5,3_5&#8243; _builder_version=&#8221;4.27.4&#8243; _module_preset=&#8221;default&#8221; global_colors_info=&#8221;{}&#8221;][et_pb_column type=&#8221;2_5&#8243; _builder_version=&#8221;4.27.4&#8243; _module_preset=&#8221;default&#8221; global_colors_info=&#8221;{}&#8221;][et_pb_text _builder_version=&#8221;4.27.4&#8243; text_font=&#8221;||||||||&#8221; header_font=&#8221;||||||||&#8221; header_2_font=&#8221;Rubik|700|||||||&#8221; header_2_font_size=&#8221;42px&#8221; header_2_line_height=&#8221;1.2em&#8221; custom_margin=&#8221;|||&#8221; custom_padding=&#8221;|||&#8221; header_2_font_size_tablet=&#8221;&#8221; header_2_font_size_phone=&#8221;36px&#8221; header_2_font_size_last_edited=&#8221;on|phone&#8221; locked=&#8221;off&#8221; global_colors_info=&#8221;{}&#8221;]<\/p>\n<h2>K\u00c1BELEK \u00c9S CS\u00d6VEK<\/h2>\n<p>[\/et_pb_text][et_pb_text _builder_version=&#8221;4.27.4&#8243; _module_preset=&#8221;default&#8221; custom_padding=&#8221;||0px|||&#8221; global_colors_info=&#8221;{}&#8221;]<\/p>\n<p>C\u00e9g\u00fcnk megb\u00edzhat\u00f3 szolg\u00e1ltat\u00f3, amely k\u00e1belek \u00e9s cs\u00f6vek telep\u00edt\u00e9s\u00e9re \u00e9s karbantart\u00e1s\u00e1ra specializ\u00e1l\u00f3dott. \u00c9vek tapasztalat\u00e1val \u00e9s szak\u00e9rt\u0151 munkat\u00e1rsaival szem\u00e9lyre szabott megold\u00e1sokat k\u00edn\u00e1lunk \u00fcgyfeleink egyedi ig\u00e9nyeinek kiel\u00e9g\u00edt\u00e9s\u00e9re.<\/p>\n<p>[\/et_pb_text][\/et_pb_column][et_pb_column type=&#8221;3_5&#8243; _builder_version=&#8221;4.27.4&#8243; _module_preset=&#8221;default&#8221; global_colors_info=&#8221;{}&#8221;][et_pb_code _builder_version=&#8221;4.27.4&#8243; _module_preset=&#8221;default&#8221; hover_enabled=&#8221;0&#8243; global_colors_info=&#8221;{}&#8221; sticky_enabled=&#8221;0&#8243;]<!-- GAL\u00c9RIA SABLON \u2014 csak az URL-eket cser\u00e9ld --><!-- [et_pb_line_break_holder] --><\/p>\n<div class=\"galeria-wrap\" data-start=\"random\" style=\"position: relative; max-width: 800px; margin: auto;\"><!-- [et_pb_line_break_holder] -->  <!-- F\u0150K\u00c9P: ugyanaz az URL, mint az els\u0151 thumb --><!-- [et_pb_line_break_holder] -->  <img decoding=\"async\" class=\"mainImage\" src=\"https:\/\/drumdrivesociety.hu\/wp-content\/uploads\/2025\/08\/9_kebelek_es_csovek1.jpg\"<!-- [et_pb_line_break_holder] -->       style=&#8221;width:100%; display:block; border-radius: 8px;&#8221; alt=&#8221;F\u0151 k\u00e9p&#8221;><!-- [et_pb_line_break_holder] --><!-- [et_pb_line_break_holder] -->  <!-- Bal\/Jobb ny\u00edl --><!-- [et_pb_line_break_holder] -->  <button class=\"prev\" style=\"position:absolute; top:50%; left:0; transform:translateY(-50%); background:none; border:none; font-size:2rem; cursor:pointer;\">\u276e<\/button><!-- [et_pb_line_break_holder] -->  <button class=\"next\" style=\"position:absolute; top:50%; right:0; transform:translateY(-50%); background:none; border:none; font-size:2rem; cursor:pointer;\">\u276f<\/button><!-- [et_pb_line_break_holder] --><!-- [et_pb_line_break_holder] -->  <!-- B\u00c9LYEGEK: csak az URL-eket cser\u00e9ld oldalank\u00e9nt --><!-- [et_pb_line_break_holder] -->  <\/p>\n<div class=\"thumbs\" style=\"display:flex; gap:10px; margin-top:20px; overflow-x:auto; padding-bottom:10px; scroll-behavior:smooth;\"><!-- [et_pb_line_break_holder] -->    <img decoding=\"async\" src=\"https:\/\/drumdrivesociety.hu\/wp-content\/uploads\/2025\/08\/9_kebelek_es_csovek1.jpg\" class=\"thumb\" alt=\"\"><!-- [et_pb_line_break_holder] -->    <img decoding=\"async\" src=\"https:\/\/drumdrivesociety.hu\/wp-content\/uploads\/2025\/08\/9_kebelek_es_csovek2.jpg\" class=\"thumb\" alt=\"\"><!-- [et_pb_line_break_holder] -->    <img decoding=\"async\" src=\"https:\/\/drumdrivesociety.hu\/wp-content\/uploads\/2025\/08\/9_kebelek_es_csovek3.jpg\" class=\"thumb\" alt=\"\"><!-- [et_pb_line_break_holder] -->    <img decoding=\"async\" src=\"https:\/\/drumdrivesociety.hu\/wp-content\/uploads\/2025\/08\/9_kebelek_es_csovek4.jpg\" class=\"thumb\" alt=\"\"><!-- [et_pb_line_break_holder] -->    <img decoding=\"async\" src=\"https:\/\/drumdrivesociety.hu\/wp-content\/uploads\/2025\/08\/9_kebelek_es_csovek5.jpg\" class=\"thumb\" alt=\"\"><!-- [et_pb_line_break_holder] -->    <img decoding=\"async\" src=\"https:\/\/drumdrivesociety.hu\/wp-content\/uploads\/2025\/08\/9_kebelek_es_csovek6.jpg\" class=\"thumb\" alt=\"\"><!-- [et_pb_line_break_holder] -->    <img decoding=\"async\" src=\"https:\/\/drumdrivesociety.hu\/wp-content\/uploads\/2025\/08\/9_kebelek_es_csovek7.jpg\" class=\"thumb\" alt=\"\"><!-- [et_pb_line_break_holder] -->  <\/div>\n<p><!-- [et_pb_line_break_holder] --><\/div>\n<p><!-- [et_pb_line_break_holder] --><!-- [et_pb_line_break_holder] --><\/p>\n<style><!-- [et_pb_line_break_holder] -->.galeria-wrap .thumb{width:100px;height:auto;border:2px solid transparent;border-radius:4px;cursor:pointer;transition:border .3s,transform .3s;flex-shrink:0}<!-- [et_pb_line_break_holder] -->.galeria-wrap .thumb:hover{transform:scale(1.05)}<!-- [et_pb_line_break_holder] -->.galeria-wrap .thumb.active{border:2px solid #00aeef}<!-- [et_pb_line_break_holder] -->.galeria-wrap button{opacity:.15;transition:opacity .2s}<!-- [et_pb_line_break_holder] -->.galeria-wrap:hover button{opacity:1}<!-- [et_pb_line_break_holder] -->.thumbs::-webkit-scrollbar{height:6px}<!-- [et_pb_line_break_holder] -->.thumbs::-webkit-scrollbar-thumb{background:#ccc;border-radius:3px}<!-- [et_pb_line_break_holder] --><\/style>\n<p><!-- [et_pb_line_break_holder] --><!-- [et_pb_line_break_holder] --><script><!-- [et_pb_line_break_holder] -->document.addEventListener(\"DOMContentLoaded\",()=> {<!-- [et_pb_line_break_holder] -->  document.querySelectorAll(\".galeria-wrap\").forEach(wrap=>{<!-- [et_pb_line_break_holder] -->    const mainImage=wrap.querySelector(\".mainImage\");<!-- [et_pb_line_break_holder] -->    const thumbs=[...wrap.querySelectorAll(\".thumb\")];<!-- [et_pb_line_break_holder] -->    const prevBtn=wrap.querySelector(\".prev\");<!-- [et_pb_line_break_holder] -->    const nextBtn=wrap.querySelector(\".next\");<!-- [et_pb_line_break_holder] -->    if(!thumbs.length||!mainImage) return;<!-- [et_pb_line_break_holder] --><!-- [et_pb_line_break_holder] -->    \/\/ Ha v\u00e9letlen\u00fcl \u00fcres lenne a f\u0151 k\u00e9p, t\u00f6ltsd az els\u0151 thumbbal<!-- [et_pb_line_break_holder] -->    if(!mainImage.src) mainImage.src=thumbs[0].src;<!-- [et_pb_line_break_holder] --><!-- [et_pb_line_break_holder] -->    let i=0, timer;<!-- [et_pb_line_break_holder] -->    const startAttr=(wrap.getAttribute(\"data-start\")||\"\").toLowerCase().trim();<!-- [et_pb_line_break_holder] -->    i = startAttr===\"random\" ? Math.floor(Math.random()*thumbs.length)<!-- [et_pb_line_break_holder] -->      : isNaN(parseInt(startAttr)) ? 0 : Math.max(0, Math.min(parseInt(startAttr), thumbs.length-1));<!-- [et_pb_line_break_holder] --><!-- [et_pb_line_break_holder] -->    function setActive(idx){ thumbs.forEach((t,k)=>t.classList.toggle(\"active\",k===idx)); }<!-- [et_pb_line_break_holder] -->    function show(idx){ i=(idx+thumbs.length)%thumbs.length; mainImage.src=thumbs[i].src; setActive(i); }<!-- [et_pb_line_break_holder] -->    function next(){ show(i+1); reset(); }<!-- [et_pb_line_break_holder] -->    function prev(){ show(i-1); reset(); }<!-- [et_pb_line_break_holder] -->    function reset(){ clearInterval(timer); timer=setInterval(()=>show(i+1),4000); }<!-- [et_pb_line_break_holder] --><!-- [et_pb_line_break_holder] -->    show(i); reset();<!-- [et_pb_line_break_holder] -->    prevBtn.addEventListener(\"click\", prev);<!-- [et_pb_line_break_holder] -->    nextBtn.addEventListener(\"click\", next);<!-- [et_pb_line_break_holder] -->    thumbs.forEach((t,idx)=>t.addEventListener(\"click\", ()=>{ show(idx); reset(); }));<!-- [et_pb_line_break_holder] -->  });<!-- [et_pb_line_break_holder] -->});<!-- [et_pb_line_break_holder] --><\/script><!-- [et_pb_line_break_holder] -->[\/et_pb_code][\/et_pb_column][\/et_pb_row][\/et_pb_section][et_pb_section fb_built=&#8221;1&#8243; admin_label=&#8221;FAQ&#8221; _builder_version=&#8221;4.16&#8243; background_color=&#8221;#f7f7f7&#8243; global_colors_info=&#8221;{}&#8221;][et_pb_row column_structure=&#8221;3_5,2_5&#8243; _builder_version=&#8221;4.16&#8243; global_colors_info=&#8221;{}&#8221;][et_pb_column type=&#8221;3_5&#8243; _builder_version=&#8221;4.16&#8243; custom_padding=&#8221;|||&#8221; global_colors_info=&#8221;{}&#8221; custom_padding__hover=&#8221;|||&#8221;][et_pb_text _builder_version=&#8221;4.27.4&#8243; text_font=&#8221;||||||||&#8221; header_font=&#8221;||||||||&#8221; header_2_font=&#8221;Rubik|700|||||||&#8221; header_2_font_size=&#8221;42px&#8221; header_2_line_height=&#8221;1.2em&#8221; custom_margin=&#8221;|||&#8221; custom_padding=&#8221;|||&#8221; header_2_font_size_tablet=&#8221;&#8221; header_2_font_size_phone=&#8221;36px&#8221; header_2_font_size_last_edited=&#8221;on|phone&#8221; locked=&#8221;off&#8221; global_colors_info=&#8221;{}&#8221;]<\/p>\n<h2>K\u00dcLDET\u00c9S\u00dcNK<\/h2>\n<p>[\/et_pb_text][et_pb_divider color=&#8221;#ffb400&#8243; divider_position=&#8221;center&#8221; divider_weight=&#8221;5px&#8221; _builder_version=&#8221;4.16&#8243; max_width=&#8221;50px&#8221; locked=&#8221;off&#8221; global_colors_info=&#8221;{}&#8221;][\/et_pb_divider][et_pb_text _builder_version=&#8221;4.27.4&#8243; text_font=&#8221;||||||||&#8221; text_font_size=&#8221;15px&#8221; text_line_height=&#8221;1.8em&#8221; locked=&#8221;off&#8221; global_colors_info=&#8221;{}&#8221;]<\/p>\n<p>Tiszt\u00e1ban vagyunk azzal, hogy a k\u00fcl\u00f6nb\u00f6z\u0151 rendszerek z\u00f6kken\u0151mentes m\u0171k\u00f6d\u00e9s\u00e9hez szil\u00e1rd \u00e9s j\u00f3l karbantartott k\u00e1bel- \u00e9s cs\u0151vezet\u00e9k-infrastrukt\u00fara sz\u00fcks\u00e9ges.<\/p>\n<p>Magasan k\u00e9pzett m\u00e9rn\u00f6k\u00f6kb\u0151l \u00e9s technikusokb\u00f3l \u00e1ll\u00f3 csapatunk szak\u00e9rtelm\u00e9t felhaszn\u00e1lva olyan komplex megold\u00e1sokat fejleszt\u00fcnk, amelyek minden egyes projekt egyedi k\u00f6vetelm\u00e9nyeinek megfelelnek.<\/p>\n<p>A f\u00f6ld alatti elektromos k\u00e1belekt\u0151l \u00e9s optikai h\u00e1l\u00f3zatokt\u00f3l a v\u00edzvezet\u00e9kekig \u00e9s v\u00edzelvezet\u0151 rendszerekig, szigor\u00fa min\u0151s\u00e9g-ellen\u0151rz\u00e9si int\u00e9zked\u00e9sek betart\u00e1s\u00e1val biztos\u00edtjuk a k\u00e1belek \u00e9s cs\u0151vezet\u00e9kek pontos telep\u00edt\u00e9s\u00e9t \u00e9s rendszeres karbantart\u00e1s\u00e1t.<\/p>\n<p>Az innov\u00e1ci\u00f3ra \u00e9s a fenntarthat\u00f3s\u00e1gra \u00f6sszpontos\u00edtva c\u00e9g\u00fcnk c\u00e9lja, hogy k\u00f6lts\u00e9ghat\u00e9kony megold\u00e1sokat k\u00edn\u00e1ljon, amelyek jav\u00edtj\u00e1k a hat\u00e9konys\u00e1got, a biztons\u00e1got \u00e9s a fenntarthat\u00f3s\u00e1got.<\/p>\n<p>[\/et_pb_text][\/et_pb_column][et_pb_column type=&#8221;2_5&#8243; _builder_version=&#8221;4.16&#8243; custom_padding=&#8221;|||&#8221; global_colors_info=&#8221;{}&#8221; custom_padding__hover=&#8221;|||&#8221;][et_pb_accordion closed_toggle_text_color=&#8221;#2a2a2a&#8221; closed_toggle_background_color=&#8221;#ffffff&#8221; icon_color=&#8221;#ffb400&#8243; _builder_version=&#8221;4.27.4&#8243; toggle_font=&#8221;Rubik|700|||||||&#8221; toggle_font_size=&#8221;18px&#8221; toggle_line_height=&#8221;1.4em&#8221; body_font=&#8221;||||||||&#8221; body_font_size=&#8221;15px&#8221; body_line_height=&#8221;1.8em&#8221; custom_margin=&#8221;|||&#8221; custom_padding=&#8221;|||&#8221; border_width_all=&#8221;0px&#8221; global_colors_info=&#8221;{}&#8221;][et_pb_accordion_item title=&#8221;Tervez\u00e9s, telep\u00edt\u00e9s \u00e9s karbantart\u00e1s&#8221; open=&#8221;on&#8221; _builder_version=&#8221;4.27.4&#8243; custom_margin=&#8221;1px||1px||true&#8221; global_colors_info=&#8221;{}&#8221;]<\/p>\n<p>C\u00e9g\u00fcnk k\u00e1belek \u00e9s cs\u00f6vek tervez\u00e9s\u00e9re, telep\u00edt\u00e9s\u00e9re \u00e9s karbantart\u00e1s\u00e1ra specializ\u00e1l\u00f3dott, \u00e9s l\u00e9tfontoss\u00e1g\u00fa szerepet j\u00e1tszik a hat\u00e9kony \u00e9s megb\u00edzhat\u00f3 infrastrukt\u00fara-h\u00e1l\u00f3zatok fenntart\u00e1s\u00e1ban.<\/p>\n<p>[\/et_pb_accordion_item][et_pb_accordion_item title=&#8221;Magas sz\u00ednvonal\u00fa&#8221; _builder_version=&#8221;4.27.4&#8243; custom_margin=&#8221;1px||1px||true&#8221; global_colors_info=&#8221;{}&#8221; open=&#8221;off&#8221;]<\/p>\n<p>Betartjuk az ipar\u00e1gi szabv\u00e1nyokat \u00e9s el\u0151\u00edr\u00e1sokat<\/p>\n<p>[\/et_pb_accordion_item][et_pb_accordion_item title=&#8221;Kiv\u00e1l\u00f3 min\u0151s\u00e9g&#8221; _builder_version=&#8221;4.27.4&#8243; custom_margin=&#8221;1px||1px||true&#8221; global_colors_info=&#8221;{}&#8221; open=&#8221;off&#8221;]<\/p>\n<div id=\"elementor-tab-title-1003\" class=\"elementor-tab-title elementor-active\" data-tab=\"3\" role=\"button\" aria-controls=\"elementor-tab-content-1003\" aria-expanded=\"true\" aria-selected=\"true\" tabindex=\"0\">Garant\u00e1ljuk a magas sz\u00ednvonal\u00fa min\u0151s\u00e9get \u00e9s biztons\u00e1got.<\/div>\n<p>[\/et_pb_accordion_item][et_pb_accordion_item title=&#8221;Megb\u00edzhat\u00f3 \u00e9s fenntarthat\u00f3 megold\u00e1sok&#8221; _builder_version=&#8221;4.27.4&#8243; custom_margin=&#8221;1px||1px||true&#8221; global_colors_info=&#8221;{}&#8221; open=&#8221;off&#8221;]<\/p>\n<div id=\"elementor-tab-title-1003\" class=\"elementor-tab-title elementor-active\" data-tab=\"3\" role=\"button\" aria-controls=\"elementor-tab-content-1003\" aria-expanded=\"true\" aria-selected=\"true\" tabindex=\"0\">C\u00e9g\u00fcnk elk\u00f6telezett amellett, hogy megb\u00edzhat\u00f3 \u00e9s fenntarthat\u00f3 megold\u00e1sokat k\u00edn\u00e1ljon, amelyek hozz\u00e1j\u00e1rulnak a modern v\u00e1rosi k\u00f6rnyezet z\u00f6kken\u0151mentes m\u0171k\u00f6d\u00e9s\u00e9hez.<\/div>\n<p>[\/et_pb_accordion_item][\/et_pb_accordion][\/et_pb_column][\/et_pb_row][\/et_pb_section][et_pb_section fb_built=&#8221;1&#8243; _builder_version=&#8221;4.27.4&#8243; _module_preset=&#8221;default&#8221; locked=&#8221;off&#8221; global_colors_info=&#8221;{}&#8221;][et_pb_row _builder_version=&#8221;4.27.4&#8243; _module_preset=&#8221;default&#8221; global_colors_info=&#8221;{}&#8221;][et_pb_column type=&#8221;4_4&#8243; _builder_version=&#8221;4.27.4&#8243; _module_preset=&#8221;default&#8221; global_colors_info=&#8221;{}&#8221;][et_pb_heading title=&#8221;Szolg\u00e1ltat\u00e1saink&#8221; _builder_version=&#8221;4.27.4&#8243; _module_preset=&#8221;default&#8221; title_text_shadow_style=&#8221;preset1&#8243; global_colors_info=&#8221;{}&#8221;][\/et_pb_heading][et_pb_code _builder_version=&#8221;4.27.4&#8243; _module_preset=&#8221;default&#8221; global_colors_info=&#8221;{}&#8221;]<\/p>\n<style><!-- [et_pb_line_break_holder] -->\/* GRID \u2013 3 oszlop desktopon, reszponz\u00edvan t\u00f6rik *\/<!-- [et_pb_line_break_holder] -->.dds-grid{<!-- [et_pb_line_break_holder] -->  display:grid;<!-- [et_pb_line_break_holder] -->  grid-template-columns:repeat(3,1fr);<!-- [et_pb_line_break_holder] -->  gap:30px;<!-- [et_pb_line_break_holder] -->  justify-items:center;<!-- [et_pb_line_break_holder] -->}<!-- [et_pb_line_break_holder] -->@media (max-width:980px){ .dds-grid{ grid-template-columns:repeat(2,1fr);} }<!-- [et_pb_line_break_holder] -->@media (max-width:600px){ .dds-grid{ grid-template-columns:1fr;} }<!-- [et_pb_line_break_holder] --><!-- [et_pb_line_break_holder] -->\/* K\u00c1RTYA *\/<!-- [et_pb_line_break_holder] -->.dds-item{<!-- [et_pb_line_break_holder] -->  display:block;<!-- [et_pb_line_break_holder] -->  width:100%;<!-- [et_pb_line_break_holder] -->  max-width:300px;            \/* egys\u00e9ges k\u00e1rtyasz\u00e9less\u00e9g *\/<!-- [et_pb_line_break_holder] -->  border-radius:10px;<!-- [et_pb_line_break_holder] -->  overflow:hidden;<!-- [et_pb_line_break_holder] -->  background:#fff;<!-- [et_pb_line_break_holder] -->  text-decoration:none;<!-- [et_pb_line_break_holder] -->  color:inherit;<!-- [et_pb_line_break_holder] -->}<!-- [et_pb_line_break_holder] --><!-- [et_pb_line_break_holder] -->\/* K\u00e9p \u2013 n\u00e9gyzet, TELJES k\u00e9p l\u00e1tszik, feh\u00e9r h\u00e1tt\u00e9r *\/<!-- [et_pb_line_break_holder] -->.dds-thumb{<!-- [et_pb_line_break_holder] -->  position:relative;<!-- [et_pb_line_break_holder] -->  width:100%;<!-- [et_pb_line_break_holder] -->  aspect-ratio:1 \/ 1;         \/* n\u00e9gyzet *\/<!-- [et_pb_line_break_holder] -->  background:#fff;<!-- [et_pb_line_break_holder] -->  overflow:hidden;<!-- [et_pb_line_break_holder] -->}<!-- [et_pb_line_break_holder] -->.dds-thumb>img{<!-- [et_pb_line_break_holder] -->  position:absolute !important;<!-- [et_pb_line_break_holder] -->  inset:0 !important;<!-- [et_pb_line_break_holder] -->  width:100% !important;<!-- [et_pb_line_break_holder] -->  height:100% !important;<!-- [et_pb_line_break_holder] -->  object-fit:contain !important;    \/* nem v\u00e1g, a teljes k\u00e9p l\u00e1tszik *\/<!-- [et_pb_line_break_holder] -->  object-position:center !important;<!-- [et_pb_line_break_holder] -->  background:#fff;<!-- [et_pb_line_break_holder] -->  display:block !important;<!-- [et_pb_line_break_holder] -->  transition:transform .35s;<!-- [et_pb_line_break_holder] -->}<!-- [et_pb_line_break_holder] -->.dds-item:hover .dds-thumb>img{ transform:scale(1.03); }<!-- [et_pb_line_break_holder] --><!-- [et_pb_line_break_holder] -->\/* Sz\u00f6veg alul *\/<!-- [et_pb_line_break_holder] -->.dds-content{ padding:12px; text-align:center; }<!-- [et_pb_line_break_holder] -->.dds-content h3{ margin:0 0 6px; font-size:16px; font-weight:700; }<!-- [et_pb_line_break_holder] -->.dds-content p{ margin:0; font-size:14px; line-height:1.4; color:#444; }<!-- [et_pb_line_break_holder] --><!-- [et_pb_line_break_holder] -->\/* Gomb (opcion\u00e1lis) *\/<!-- [et_pb_line_break_holder] -->.dds-btn{<!-- [et_pb_line_break_holder] -->  display:inline-block; margin-top:10px;<!-- [et_pb_line_break_holder] -->  background:#FCB639; color:#000;<!-- [et_pb_line_break_holder] -->  padding:8px 18px; border-radius:24px;<!-- [et_pb_line_break_holder] -->  font-weight:700; text-decoration:none;<!-- [et_pb_line_break_holder] -->}<!-- [et_pb_line_break_holder] -->.dds-btn:hover{ filter:brightness(.95); }<!-- [et_pb_line_break_holder] --><\/style>\n<p><!-- [et_pb_line_break_holder] --><!-- [et_pb_line_break_holder] --><\/p>\n<div class=\"dds-grid\"><!-- [et_pb_line_break_holder] -->  <!-- \u00dat\u00e9p\u00edt\u00e9s \u00e9s f\u00f6ldmunk\u00e1k --><!-- [et_pb_line_break_holder] -->  <a class=\"dds-item\" href=\"https:\/\/drumdrivesociety.hu\/szolgaltatasok\/utepites_es_foldmunkak\/\"><!-- [et_pb_line_break_holder] -->    <\/p>\n<div class=\"dds-thumb\"><!-- [et_pb_line_break_holder] -->      <img decoding=\"async\" src=\"https:\/\/drumdrivesociety.hu\/wp-content\/uploads\/2025\/08\/05_utalapozas.jpg\" alt=\"\u00dat\u00e9p\u00edt\u00e9s \u00e9s f\u00f6ldmunk\u00e1k\"><!-- [et_pb_line_break_holder] -->    <\/div>\n<p><!-- [et_pb_line_break_holder] -->    <\/p>\n<div class=\"dds-content\"><!-- [et_pb_line_break_holder] -->      <\/p>\n<h3>\u00dat\u00e9p\u00edt\u00e9s \u00e9s f\u00f6ldmunk\u00e1k<\/h3>\n<p><!-- [et_pb_line_break_holder] -->      <pee>Tereprendez\u00e9s, \u00fatalapok k\u00e9sz\u00edt\u00e9se \u00e9s tart\u00f3s \u00fatfel\u00fcletek kialak\u00edt\u00e1sa.<\/pee><!-- [et_pb_line_break_holder] -->    <\/div>\n<p><!-- [et_pb_line_break_holder] -->  <\/a><!-- [et_pb_line_break_holder] --><!-- [et_pb_line_break_holder] -->  <!-- Ipari szerkezetek \u00e9s betonmunk\u00e1k --><!-- [et_pb_line_break_holder] -->  <a class=\"dds-item\" href=\"https:\/\/drumdrivesociety.hu\/ipari-szerkezetek-es-betonmunkak\/\"><!-- [et_pb_line_break_holder] -->    <\/p>\n<div class=\"dds-thumb\"><!-- [et_pb_line_break_holder] -->      <img decoding=\"async\" src=\"https:\/\/drumdrivesociety.hu\/wp-content\/uploads\/2025\/08\/02_epitkezes.jpg\" alt=\"Ipari szerkezetek \u00e9s betonmunk\u00e1k\"><!-- [et_pb_line_break_holder] -->    <\/div>\n<p><!-- [et_pb_line_break_holder] -->    <\/p>\n<div class=\"dds-content\"><!-- [et_pb_line_break_holder] -->      <\/p>\n<h3>Ipari szerkezetek \u00e9s betonmunk\u00e1k<\/h3>\n<p><!-- [et_pb_line_break_holder] -->      <pee>Nagy teherb\u00edr\u00e1s\u00fa ipari l\u00e9tes\u00edtm\u00e9nyek \u00e9s tart\u00f3s betonszerkezetek kivitelez\u00e9se.<\/pee><!-- [et_pb_line_break_holder] -->    <\/div>\n<p><!-- [et_pb_line_break_holder] -->  <\/a><!-- [et_pb_line_break_holder] --><!-- [et_pb_line_break_holder] -->  <!-- Speci\u00e1lis ipari szolg\u00e1ltat\u00e1sok --><!-- [et_pb_line_break_holder] -->  <a class=\"dds-item\" href=\"https:\/\/drumdrivesociety.hu\/specialis-ipari-szolgaltatasok\/\"><!-- [et_pb_line_break_holder] -->    <\/p>\n<div class=\"dds-thumb\"><!-- [et_pb_line_break_holder] -->      <img decoding=\"async\" src=\"https:\/\/drumdrivesociety.hu\/wp-content\/uploads\/2025\/08\/15_hegesztes.jpg\" alt=\"Speci\u00e1lis ipari szolg\u00e1ltat\u00e1sok\"><!-- [et_pb_line_break_holder] -->    <\/div>\n<p><!-- [et_pb_line_break_holder] -->    <\/p>\n<div class=\"dds-content\"><!-- [et_pb_line_break_holder] -->      <\/p>\n<h3>Speci\u00e1lis ipari szolg\u00e1ltat\u00e1sok<\/h3>\n<p><!-- [et_pb_line_break_holder] -->      <pee>Hegeszt\u00e9s, ipari szigetel\u00e9s, k\u00e1belek \u00e9s cs\u0151vezet\u00e9kek, talajjav\u00edt\u00e1s.<\/pee><!-- [et_pb_line_break_holder] -->    <\/div>\n<p><!-- [et_pb_line_break_holder] -->  <\/a><!-- [et_pb_line_break_holder] --><!-- [et_pb_line_break_holder] -->  <!-- K\u00f6rnyezet \u00e9s infrastrukt\u00fara --><!-- [et_pb_line_break_holder] -->  <a class=\"dds-item\" href=\"https:\/\/drumdrivesociety.hu\/kornyezet-es-infrastruktura\/\"><!-- [et_pb_line_break_holder] -->    <\/p>\n<div class=\"dds-thumb\"><!-- [et_pb_line_break_holder] -->      <img decoding=\"async\" src=\"https:\/\/drumdrivesociety.hu\/wp-content\/uploads\/2025\/08\/allo.jpg\" alt=\"K\u00f6rnyezet \u00e9s infrastrukt\u00fara\"><!-- [et_pb_line_break_holder] -->    <\/div>\n<p><!-- [et_pb_line_break_holder] -->    <\/p>\n<div class=\"dds-content\"><!-- [et_pb_line_break_holder] -->      <\/p>\n<h3>K\u00f6rnyezet \u00e9s infrastrukt\u00fara<\/h3>\n<p><!-- [et_pb_line_break_holder] -->      <pee>Fenntarthat\u00f3 megold\u00e1sok \u00e9s korszer\u0171 infrastrukt\u00fara kialak\u00edt\u00e1s.<\/pee><!-- [et_pb_line_break_holder] -->    <\/div>\n<p><!-- [et_pb_line_break_holder] -->  <\/a><!-- [et_pb_line_break_holder] --><!-- [et_pb_line_break_holder] -->  <!-- \u00c1llv\u00e1nyoz\u00e1s \u00e9s kieg\u00e9sz\u00edt\u0151 munk\u00e1k --><!-- [et_pb_line_break_holder] -->  <a class=\"dds-item\" href=\"https:\/\/drumdrivesociety.hu\/allvanyozas-es-kiegeszito-munkak\/\"><!-- [et_pb_line_break_holder] -->    <\/p>\n<div class=\"dds-thumb\"><!-- [et_pb_line_break_holder] -->      <img decoding=\"async\" src=\"https:\/\/drumdrivesociety.hu\/wp-content\/uploads\/2025\/08\/11_allvanyozas.jpg\" alt=\"\u00c1llv\u00e1nyoz\u00e1s \u00e9s kieg\u00e9sz\u00edt\u0151 munk\u00e1k\"><!-- [et_pb_line_break_holder] -->    <\/div>\n<p><!-- [et_pb_line_break_holder] -->    <\/p>\n<div class=\"dds-content\"><!-- [et_pb_line_break_holder] -->      <\/p>\n<h3>\u00c1llv\u00e1nyoz\u00e1s \u00e9s kieg\u00e9sz\u00edt\u0151 munk\u00e1k<\/h3>\n<p><!-- [et_pb_line_break_holder] -->      <pee>Biztons\u00e1gos \u00e1llv\u00e1nyrendszerek \u00e9s kivitelez\u00e9st t\u00e1mogat\u00f3 munk\u00e1k.<\/pee><!-- [et_pb_line_break_holder] -->    <\/div>\n<p><!-- [et_pb_line_break_holder] -->  <\/a><!-- [et_pb_line_break_holder] --><!-- [et_pb_line_break_holder] -->  <!-- G\u00e9pek \u00e9s bont\u00e1si munk\u00e1k --><!-- [et_pb_line_break_holder] -->  <a class=\"dds-item\" href=\"https:\/\/drumdrivesociety.hu\/gepek-es-bontasi-munkak\/\"><!-- [et_pb_line_break_holder] -->    <\/p>\n<div class=\"dds-thumb\"><!-- [et_pb_line_break_holder] -->      <img decoding=\"async\" src=\"https:\/\/drumdrivesociety.hu\/wp-content\/uploads\/2025\/08\/14_gepek.jpg\" alt=\"G\u00e9pek \u00e9s bont\u00e1si munk\u00e1k\"><!-- [et_pb_line_break_holder] -->    <\/div>\n<p><!-- [et_pb_line_break_holder] -->    <\/p>\n<div class=\"dds-content\"><!-- [et_pb_line_break_holder] -->      <\/p>\n<h3>G\u00e9pek \u00e9s bont\u00e1si munk\u00e1k<\/h3>\n<p><!-- [et_pb_line_break_holder] -->      <pee>Korszer\u0171 g\u00e9ppark bont\u00e1shoz, anyagmozgat\u00e1shoz \u00e9s sz\u00e1ll\u00edt\u00e1shoz.<\/pee><!-- [et_pb_line_break_holder] -->    <\/div>\n<p><!-- [et_pb_line_break_holder] -->  <\/a><!-- [et_pb_line_break_holder] --><\/div>\n<p><!-- [et_pb_line_break_holder] -->[\/et_pb_code][\/et_pb_column][\/et_pb_row][\/et_pb_section]<\/p>\n","protected":false},"excerpt":{"rendered":"<p>K\u00c1BELEK \u00c9S CS\u00d6VEKC\u00e9g\u00fcnk megb\u00edzhat\u00f3 szolg\u00e1ltat\u00f3, amely k\u00e1belek \u00e9s cs\u00f6vek telep\u00edt\u00e9s\u00e9re \u00e9s karbantart\u00e1s\u00e1ra specializ\u00e1l\u00f3dott. \u00c9vek tapasztalat\u00e1val \u00e9s szak\u00e9rt\u0151 munkat\u00e1rsaival szem\u00e9lyre szabott megold\u00e1sokat k\u00edn\u00e1lunk \u00fcgyfeleink egyedi ig\u00e9nyeinek kiel\u00e9g\u00edt\u00e9s\u00e9re.K\u00dcLDET\u00c9S\u00dcNKTiszt\u00e1ban vagyunk azzal, hogy a k\u00fcl\u00f6nb\u00f6z\u0151 rendszerek z\u00f6kken\u0151mentes m\u0171k\u00f6d\u00e9s\u00e9hez szil\u00e1rd \u00e9s j\u00f3l karbantartott k\u00e1bel- \u00e9s cs\u0151vezet\u00e9k-infrastrukt\u00fara sz\u00fcks\u00e9ges. Magasan k\u00e9pzett m\u00e9rn\u00f6k\u00f6kb\u0151l \u00e9s technikusokb\u00f3l \u00e1ll\u00f3 csapatunk szak\u00e9rtelm\u00e9t felhaszn\u00e1lva olyan komplex megold\u00e1sokat fejleszt\u00fcnk, [&hellip;]<\/p>\n","protected":false},"author":1,"featured_media":0,"parent":605,"menu_order":0,"comment_status":"closed","ping_status":"closed","template":"","meta":{"_seopress_robots_primary_cat":"","_seopress_titles_title":"","_seopress_titles_desc":"","_seopress_robots_index":"","_et_pb_use_builder":"on","_et_pb_old_content":"","_et_gb_content_width":"","footnotes":""},"class_list":["post-817","page","type-page","status-publish","hentry"],"_links":{"self":[{"href":"https:\/\/drumdrivesociety.hu\/en\/wp-json\/wp\/v2\/pages\/817","targetHints":{"allow":["GET"]}}],"collection":[{"href":"https:\/\/drumdrivesociety.hu\/en\/wp-json\/wp\/v2\/pages"}],"about":[{"href":"https:\/\/drumdrivesociety.hu\/en\/wp-json\/wp\/v2\/types\/page"}],"author":[{"embeddable":true,"href":"https:\/\/drumdrivesociety.hu\/en\/wp-json\/wp\/v2\/users\/1"}],"replies":[{"embeddable":true,"href":"https:\/\/drumdrivesociety.hu\/en\/wp-json\/wp\/v2\/comments?post=817"}],"version-history":[{"count":5,"href":"https:\/\/drumdrivesociety.hu\/en\/wp-json\/wp\/v2\/pages\/817\/revisions"}],"predecessor-version":[{"id":1046,"href":"https:\/\/drumdrivesociety.hu\/en\/wp-json\/wp\/v2\/pages\/817\/revisions\/1046"}],"up":[{"embeddable":true,"href":"https:\/\/drumdrivesociety.hu\/en\/wp-json\/wp\/v2\/pages\/605"}],"wp:attachment":[{"href":"https:\/\/drumdrivesociety.hu\/en\/wp-json\/wp\/v2\/media?parent=817"}],"curies":[{"name":"wp","href":"https:\/\/api.w.org\/{rel}","templated":true}]}}